{"id":55816,"date":"2025-12-16T10:56:15","date_gmt":"2025-12-16T08:56:15","guid":{"rendered":"https:\/\/www.radiomarket.fi\/?post_type=product&#038;p=55816"},"modified":"2025-12-21T09:08:32","modified_gmt":"2025-12-21T07:08:32","slug":"ekub0958-puhelinrasiaosia","status":"publish","type":"product","link":"https:\/\/www.radiomarket.fi\/en\/kohde\/ekub0958-puhelinrasiaosia\/","title":{"rendered":"EKUB0958 puhelinrasiaosia"},"content":{"rendered":"N\u00e4ist\u00e4 saa kasattua yhden CB-paristopuhelimen rasian tai korjailtua muuta.","protected":false},"excerpt":{"rendered":"<p>N\u00e4ist\u00e4 saa kasattua yhden CB-paristopuhelimen rasian tai korjailtua muuta.<\/p>","protected":false},"featured_media":55881,"template":"","meta":[],"_links":{"self":[{"href":"https:\/\/www.radiomarket.fi\/en\/wp-json\/wp\/v2\/product\/55816"}],"collection":[{"href":"https:\/\/www.radiomarket.fi\/en\/wp-json\/wp\/v2\/product"}],"about":[{"href":"https:\/\/www.radiomarket.fi\/en\/wp-json\/wp\/v2\/types\/product"}],"wp:featuredmedia":[{"embeddable":true,"href":"https:\/\/www.radiomarket.fi\/en\/wp-json\/wp\/v2\/media\/55881"}],"wp:attachment":[{"href":"https:\/\/www.radiomarket.fi\/en\/wp-json\/wp\/v2\/media?parent=55816"}],"curies":[{"name":"wp","href":"https:\/\/api.w.org\/{rel}","templated":true}]}}