{"id":55969,"date":"2026-01-04T19:19:34","date_gmt":"2026-01-04T17:19:34","guid":{"rendered":"https:\/\/www.radiomarket.fi\/?post_type=product&#038;p=55969"},"modified":"2026-01-04T19:25:54","modified_gmt":"2026-01-04T17:25:54","slug":"ekub0968-kayttamaton-antennirasian-kansi","status":"publish","type":"product","link":"https:\/\/www.radiomarket.fi\/en\/kohde\/ekub0968-kayttamaton-antennirasian-kansi\/","title":{"rendered":"EKUB0968 K\u00e4ytt\u00e4m\u00e4t\u00f6n antennirasian kansi"},"content":{"rendered":"NOS eli New Old Stock. Antennipistorasian kansi. TV ja Radio-liit\u00e4nn\u00e4t.","protected":false},"excerpt":{"rendered":"<p>Kirjetoimitustuotteita kannattaa tilata kerralla useampikin, sill\u00e4 lis\u00e4tuote lis\u00e4\u00e4 postimaksua vain 10 sentill\u00e4 (1\/2026 tilanteen mukaan, tarkista tilausta tehdess\u00e4si todellinen postimaksu).<\/p>","protected":false},"featured_media":55971,"template":"","meta":[],"_links":{"self":[{"href":"https:\/\/www.radiomarket.fi\/en\/wp-json\/wp\/v2\/product\/55969"}],"collection":[{"href":"https:\/\/www.radiomarket.fi\/en\/wp-json\/wp\/v2\/product"}],"about":[{"href":"https:\/\/www.radiomarket.fi\/en\/wp-json\/wp\/v2\/types\/product"}],"wp:featuredmedia":[{"embeddable":true,"href":"https:\/\/www.radiomarket.fi\/en\/wp-json\/wp\/v2\/media\/55971"}],"wp:attachment":[{"href":"https:\/\/www.radiomarket.fi\/en\/wp-json\/wp\/v2\/media?parent=55969"}],"curies":[{"name":"wp","href":"https:\/\/api.w.org\/{rel}","templated":true}]}}