{"id":55972,"date":"2026-01-04T19:26:07","date_gmt":"2026-01-04T17:26:07","guid":{"rendered":"https:\/\/www.radiomarket.fi\/?post_type=product&#038;p=55972"},"modified":"2026-03-31T11:45:51","modified_gmt":"2026-03-31T08:45:51","slug":"ekub0969-kayttamaton-teleste-mp14-antennipistorasia","status":"publish","type":"product","link":"https:\/\/www.radiomarket.fi\/en\/kohde\/ekub0969-kayttamaton-teleste-mp14-antennipistorasia\/","title":{"rendered":"EKUB0969 K\u00e4ytt\u00e4m\u00e4t\u00f6n Teleste MP14 \/ APU011 antennipistorasia"},"content":{"rendered":"<p>Teleste MP14 NOS eli New Old Stock. Antennipistorasia 75 ohmin kaapelille. Peittolevy eli kansi mukana kuten kuvassa. TV ja Radio-liit\u00e4nn\u00e4t. Kysy jos tarvitset useamman niin kolutaan varastot tarkemmin. My\u00f6s k\u00e4ytettyj\u00e4 varastossa vitosella kappale. APU011 1 kpl, kerro tilauksessasi mink\u00e4 haluat.<\/p>","protected":false},"excerpt":{"rendered":"<p>Teleste MP14 NOS eli New Old Stock. Antennipistorasia 75 ohmin kaapelille. Peittolevy eli kansi mukana kuten kuvassa. TV ja Radio-liit\u00e4nn\u00e4t. Kysy jos tarvitset useamman niin kolutaan varastot tarkemmin. My\u00f6s k\u00e4ytettyj\u00e4 varastossa vitosella kappale. APU011 1 kpl, kerro tilauksessasi mink\u00e4 haluat.<\/p>","protected":false},"featured_media":55974,"template":"","meta":[],"_links":{"self":[{"href":"https:\/\/www.radiomarket.fi\/en\/wp-json\/wp\/v2\/product\/55972"}],"collection":[{"href":"https:\/\/www.radiomarket.fi\/en\/wp-json\/wp\/v2\/product"}],"about":[{"href":"https:\/\/www.radiomarket.fi\/en\/wp-json\/wp\/v2\/types\/product"}],"wp:featuredmedia":[{"embeddable":true,"href":"https:\/\/www.radiomarket.fi\/en\/wp-json\/wp\/v2\/media\/55974"}],"wp:attachment":[{"href":"https:\/\/www.radiomarket.fi\/en\/wp-json\/wp\/v2\/media?parent=55972"}],"curies":[{"name":"wp","href":"https:\/\/api.w.org\/{rel}","templated":true}]}}