{"id":55988,"date":"2026-01-06T10:54:05","date_gmt":"2026-01-06T08:54:05","guid":{"rendered":"https:\/\/www.radiomarket.fi\/?post_type=product&#038;p=55988"},"modified":"2026-01-06T11:07:11","modified_gmt":"2026-01-06T09:07:11","slug":"ekub0971-poytakiinnikepari","status":"publish","type":"product","link":"https:\/\/www.radiomarket.fi\/en\/kohde\/ekub0971-poytakiinnikepari\/","title":{"rendered":"EKUB0971 P\u00f6yt\u00e4kiinnikepari"},"content":{"rendered":"Uutta vastaavassa kunnossa. Esimerkiksi taustalevyn v\u00e4liaikaiseen kiinnitykseen.","protected":false},"excerpt":{"rendered":"<p>Uutta vastaavassa kunnossa. Esimerkiksi taustalevyn v\u00e4liaikaiseen kiinnitykseen.<\/p>","protected":false},"featured_media":55990,"template":"","meta":[],"_links":{"self":[{"href":"https:\/\/www.radiomarket.fi\/en\/wp-json\/wp\/v2\/product\/55988"}],"collection":[{"href":"https:\/\/www.radiomarket.fi\/en\/wp-json\/wp\/v2\/product"}],"about":[{"href":"https:\/\/www.radiomarket.fi\/en\/wp-json\/wp\/v2\/types\/product"}],"wp:featuredmedia":[{"embeddable":true,"href":"https:\/\/www.radiomarket.fi\/en\/wp-json\/wp\/v2\/media\/55990"}],"wp:attachment":[{"href":"https:\/\/www.radiomarket.fi\/en\/wp-json\/wp\/v2\/media?parent=55988"}],"curies":[{"name":"wp","href":"https:\/\/api.w.org\/{rel}","templated":true}]}}