{"id":56003,"date":"2026-01-12T00:22:05","date_gmt":"2026-01-11T22:22:05","guid":{"rendered":"https:\/\/www.radiomarket.fi\/?post_type=product&#038;p=56003"},"modified":"2026-01-12T00:29:05","modified_gmt":"2026-01-11T22:29:05","slug":"ekun0145-osaset-emv1200-sisatilalammitin-museoautoon","status":"publish","type":"product","link":"https:\/\/www.radiomarket.fi\/en\/kohde\/ekun0145-osaset-emv1200-sisatilalammitin-museoautoon\/","title":{"rendered":"EKUN0145 Osaset EMV1200 sis\u00e4tilal\u00e4mmitin museoautoon"},"content":{"rendered":"<p>Valmistaja Engstr\u00f6ms &#8211; Lindesberg &#8211; Sweden. OSASET on Suomen vanhin autovaraosa- ja tarvikekaupan ketju. Ketju on perustettu v. 1979, joten t\u00e4m\u00e4 tuote ei ole ainakaan sit\u00e4 vanhempi. Todenn\u00e4k\u00f6isesti ajoittuu 1980-luvulle tai ihan 1990-luvun alkuun. Testattu 1\/2026, toimii.\u00a0<\/p><p>Hakusanat: vintage sis\u00e4tilal\u00e4mmitin, retro sis\u00e4tilal\u00e4mmitin, sis\u00e4tilal\u00e4mmitin museoautoon<\/p>","protected":false},"excerpt":{"rendered":"<p>Valmistaja Engstr\u00f6ms &#8211; Lindesberg &#8211; Sweden. OSASET on Suomen vanhin autovaraosa- ja tarvikekaupan ketju. Ketju on perustettu v. 1979, joten t\u00e4m\u00e4 tuote ei ole ainakaan sit\u00e4 vanhempi. Todenn\u00e4k\u00f6isesti ajoittuu 1980-luvulle tai ihan 1990-luvun alkuun. Testattu 1\/2026, toimii.\u00a0Hakusanat: vintage sis\u00e4tilal\u00e4mmitin, retro sis\u00e4tilal\u00e4mmitin, sis\u00e4tilal\u00e4mmitin museoautoon<\/p>","protected":false},"featured_media":56005,"template":"","meta":[],"_links":{"self":[{"href":"https:\/\/www.radiomarket.fi\/en\/wp-json\/wp\/v2\/product\/56003"}],"collection":[{"href":"https:\/\/www.radiomarket.fi\/en\/wp-json\/wp\/v2\/product"}],"about":[{"href":"https:\/\/www.radiomarket.fi\/en\/wp-json\/wp\/v2\/types\/product"}],"wp:featuredmedia":[{"embeddable":true,"href":"https:\/\/www.radiomarket.fi\/en\/wp-json\/wp\/v2\/media\/56005"}],"wp:attachment":[{"href":"https:\/\/www.radiomarket.fi\/en\/wp-json\/wp\/v2\/media?parent=56003"}],"curies":[{"name":"wp","href":"https:\/\/api.w.org\/{rel}","templated":true}]}}