{"id":56016,"date":"2026-01-12T19:21:04","date_gmt":"2026-01-12T17:21:04","guid":{"rendered":"https:\/\/www.radiomarket.fi\/?post_type=product&#038;p=56016"},"modified":"2026-01-12T19:31:01","modified_gmt":"2026-01-12T17:31:01","slug":"ekub0973-aeg-type-and5-4-kolmivaihemoottori-125w-antiikkia","status":"publish","type":"product","link":"https:\/\/www.radiomarket.fi\/en\/kohde\/ekub0973-aeg-type-and5-4-kolmivaihemoottori-125w-antiikkia\/","title":{"rendered":"EKUB0973 AEG Type AND5\/4 kolmivaihemoottori 125W antiikkia"},"content":{"rendered":"Arviolta yli satavuotias s\u00e4hk\u00f6moottori Vaajakosken tehtailta, teho 125 wattia. Mukana alkuper\u00e4inen kiinnityslevy ja itse sorvattu hihnapy\u00f6r\u00e4 125 mm halkaisijaltaan. Moottorin pituus kiila-akseleineen 27 cm. S\u00e4hk\u00f6asentajan j\u00e4\u00e4mist\u00f6\u00e4 joten uskomme sen olevan toimintakuntoinen varsinkin kun siihen on itse sorvattu laippa. Ellei k\u00e4ytt\u00f6\u00f6n niin kirjahyllyn kaunistukseksi.","protected":false},"excerpt":{"rendered":"<p>Arviolta yli satavuotias s\u00e4hk\u00f6moottori Vaajakosken tehtailta, teho 125 wattia. Mukana alkuper\u00e4inen kiinnityslevy ja itse sorvattu hihnapy\u00f6r\u00e4 125 mm halkaisijaltaan. Moottorin pituus kiila-akseleineen 27 cm. S\u00e4hk\u00f6asentajan j\u00e4\u00e4mist\u00f6\u00e4 joten uskomme sen olevan toimintakuntoinen varsinkin kun siihen on itse sorvattu laippa. Ellei k\u00e4ytt\u00f6\u00f6n niin kirjahyllyn kaunistukseksi.<\/p>","protected":false},"featured_media":56018,"template":"","meta":[],"_links":{"self":[{"href":"https:\/\/www.radiomarket.fi\/en\/wp-json\/wp\/v2\/product\/56016"}],"collection":[{"href":"https:\/\/www.radiomarket.fi\/en\/wp-json\/wp\/v2\/product"}],"about":[{"href":"https:\/\/www.radiomarket.fi\/en\/wp-json\/wp\/v2\/types\/product"}],"wp:featuredmedia":[{"embeddable":true,"href":"https:\/\/www.radiomarket.fi\/en\/wp-json\/wp\/v2\/media\/56018"}],"wp:attachment":[{"href":"https:\/\/www.radiomarket.fi\/en\/wp-json\/wp\/v2\/media?parent=56016"}],"curies":[{"name":"wp","href":"https:\/\/api.w.org\/{rel}","templated":true}]}}