{"id":56049,"date":"2026-01-14T17:37:33","date_gmt":"2026-01-14T15:37:33","guid":{"rendered":"https:\/\/www.radiomarket.fi\/?post_type=product&#038;p=56049"},"modified":"2026-01-14T17:46:17","modified_gmt":"2026-01-14T15:46:17","slug":"ekub0975-insmat-gsm-ikkuna-antenni-type-600-8995-nos","status":"publish","type":"product","link":"https:\/\/www.radiomarket.fi\/en\/kohde\/ekub0975-insmat-gsm-ikkuna-antenni-type-600-8995-nos\/","title":{"rendered":"EKUB0975 Insmat GSM-ikkuna-antenni Type 600-8995 NOS"},"content":{"rendered":"900\/1800 MHz ikkuna-antenni avaamattomassa alkuper\u00e4ispakkauksessa. K\u00e4ytt\u00e4m\u00e4t\u00f6n.","protected":false},"excerpt":{"rendered":"<p>Kirjetoimitustuotteita kannattaa tilata samalla useampikin, yksi lis\u00e4tuote korottaa rahtimaksua vain kymmenell\u00e4 sentill\u00e4 (1\/26)<\/p>","protected":false},"featured_media":56052,"template":"","meta":[],"_links":{"self":[{"href":"https:\/\/www.radiomarket.fi\/en\/wp-json\/wp\/v2\/product\/56049"}],"collection":[{"href":"https:\/\/www.radiomarket.fi\/en\/wp-json\/wp\/v2\/product"}],"about":[{"href":"https:\/\/www.radiomarket.fi\/en\/wp-json\/wp\/v2\/types\/product"}],"wp:featuredmedia":[{"embeddable":true,"href":"https:\/\/www.radiomarket.fi\/en\/wp-json\/wp\/v2\/media\/56052"}],"wp:attachment":[{"href":"https:\/\/www.radiomarket.fi\/en\/wp-json\/wp\/v2\/media?parent=56049"}],"curies":[{"name":"wp","href":"https:\/\/api.w.org\/{rel}","templated":true}]}}