{"id":56076,"date":"2026-01-17T15:19:56","date_gmt":"2026-01-17T13:19:56","guid":{"rendered":"https:\/\/www.radiomarket.fi\/?post_type=product&#038;p=56076"},"modified":"2026-01-22T11:53:39","modified_gmt":"2026-01-22T09:53:39","slug":"ekub0978-pan-american-world-airways-osakekirja","status":"publish","type":"product","link":"https:\/\/www.radiomarket.fi\/en\/kohde\/ekub0978-pan-american-world-airways-osakekirja\/","title":{"rendered":"EKUB0978 Pan American World Airways osakekirja"},"content":{"rendered":"<p>Taittamaton kuvan osakekirja. Kuvan varjot k\u00e4nnyk\u00e4st\u00e4, itse arvopaperi hyv\u00e4kuntoinen. Pan American Airways stock.","protected":false},"excerpt":{"rendered":"<p>Kirjetoimitustuotteita kannattaa tilata samalla useampikin, yksi lis\u00e4tuote korottaa rahtimaksua vain kymmenell\u00e4 sentill\u00e4 (1\/26)<\/p>","protected":false},"featured_media":56129,"template":"","meta":[],"_links":{"self":[{"href":"https:\/\/www.radiomarket.fi\/en\/wp-json\/wp\/v2\/product\/56076"}],"collection":[{"href":"https:\/\/www.radiomarket.fi\/en\/wp-json\/wp\/v2\/product"}],"about":[{"href":"https:\/\/www.radiomarket.fi\/en\/wp-json\/wp\/v2\/types\/product"}],"wp:featuredmedia":[{"embeddable":true,"href":"https:\/\/www.radiomarket.fi\/en\/wp-json\/wp\/v2\/media\/56129"}],"wp:attachment":[{"href":"https:\/\/www.radiomarket.fi\/en\/wp-json\/wp\/v2\/media?parent=56076"}],"curies":[{"name":"wp","href":"https:\/\/api.w.org\/{rel}","templated":true}]}}