{"id":56080,"date":"2026-01-17T15:30:05","date_gmt":"2026-01-17T13:30:05","guid":{"rendered":"https:\/\/www.radiomarket.fi\/?post_type=product&#038;p=56080"},"modified":"2026-01-22T10:30:48","modified_gmt":"2026-01-22T08:30:48","slug":"ekub0980-general-motors-corporation-not-morte-than-10-000-shares-osakekirja","status":"publish","type":"product","link":"https:\/\/www.radiomarket.fi\/en\/kohde\/ekub0980-general-motors-corporation-not-morte-than-10-000-shares-osakekirja\/","title":{"rendered":"EKUB0980 General Motors Corporation not more than 10.000 shares osakekirja"},"content":{"rendered":"Osakekirja 1980-luvun alusta. Arvopaperi hyv\u00e4kuntoinen.","protected":false},"excerpt":{"rendered":"<p>Kirjetoimitustuotteita kannattaa tilata samalla useampikin, yksi lis\u00e4tuote korottaa rahtimaksua vain kymmenell\u00e4 sentill\u00e4 (1\/26)<\/p>","protected":false},"featured_media":56126,"template":"","meta":[],"_links":{"self":[{"href":"https:\/\/www.radiomarket.fi\/en\/wp-json\/wp\/v2\/product\/56080"}],"collection":[{"href":"https:\/\/www.radiomarket.fi\/en\/wp-json\/wp\/v2\/product"}],"about":[{"href":"https:\/\/www.radiomarket.fi\/en\/wp-json\/wp\/v2\/types\/product"}],"wp:featuredmedia":[{"embeddable":true,"href":"https:\/\/www.radiomarket.fi\/en\/wp-json\/wp\/v2\/media\/56126"}],"wp:attachment":[{"href":"https:\/\/www.radiomarket.fi\/en\/wp-json\/wp\/v2\/media?parent=56080"}],"curies":[{"name":"wp","href":"https:\/\/api.w.org\/{rel}","templated":true}]}}