{"id":56084,"date":"2026-01-18T07:39:29","date_gmt":"2026-01-18T05:39:29","guid":{"rendered":"https:\/\/www.radiomarket.fi\/?post_type=product&#038;p=56084"},"modified":"2026-01-18T07:56:41","modified_gmt":"2026-01-18T05:56:41","slug":"ekun1610-kirja-kokkola-kalevi-et-alii-dieselveturit-ja-moottorivaunut-1","status":"publish","type":"product","link":"https:\/\/www.radiomarket.fi\/en\/kohde\/ekun1610-kirja-kokkola-kalevi-et-alii-dieselveturit-ja-moottorivaunut-1\/","title":{"rendered":"EKUN1610 kirja Kokkola Kalevi et alii: Dieselveturit ja moottorivaunut 1"},"content":{"rendered":"<div class=\"page-title-wrapper product\"><p class=\"title\">\u00a0<\/p><\/div><div class=\"additional-attributes-wrapper table-wrapper\"><table id=\"product-attribute-specs-table\" class=\"data table additional-attributes\"><caption class=\"table-caption\">\u00a0<\/caption><tbody><tr><th class=\"col label\" scope=\"row\">Hakusanat<\/th><td class=\"col data\" data-th=\"Tuoteryhm\u00e4\"><div class=\"columns\"><div class=\"column main\"><div class=\"ambanners ambanner-6\" data-position=\"6\" data-bannerid=\"\" data-role=\"amasty-banner-container\">rautatiet<\/div><\/div><\/div><footer class=\"page-footer\"><\/footer><\/td><\/tr><tr><th class=\"col label\" scope=\"row\">Tekij\u00e4<\/th><td class=\"col data\" data-th=\"Tekij\u00e4\">Kokkola Kalevi<\/td><\/tr><tr><th class=\"col label\" scope=\"row\">Teoksen nimi<\/th><td class=\"col data\" data-th=\"Teoksen nimi\">Dieselveturit ja moottorivaunut I<\/td><\/tr><tr><th class=\"col label\" scope=\"row\">Kustantaja<\/th><td class=\"col data\" data-th=\"Kustantaja\">Valtion painatuskeskus, Helsinki<\/td><\/tr><tr><th class=\"col label\" scope=\"row\">Painovuosi<\/th><td class=\"col data\" data-th=\"Painovuosi\">1969<\/td><\/tr><tr><th class=\"col label\" scope=\"row\">Painos<\/th><td class=\"col data\" data-th=\"Painos\">&#8211;<\/td><\/tr><tr><th class=\"col label\" scope=\"row\">Sidonta<\/th><td class=\"col data\" data-th=\"Sidonta\">kovakantinen<\/td><\/tr><tr><th class=\"col label\" scope=\"row\">Sivum\u00e4\u00e4r\u00e4<\/th><td class=\"col data\" data-th=\"Sivum\u00e4\u00e4r\u00e4\">454<\/td><\/tr><tr><th class=\"col label\" scope=\"row\">Alkuteos<\/th><td class=\"col data\" data-th=\"Alkuteos\">&#8211;<\/td><\/tr><tr><th class=\"col label\" scope=\"row\">Kieli<\/th><td class=\"col data\" data-th=\"Kieli\">suomi<\/td><\/tr><tr><th class=\"col label\" scope=\"row\">Muut tekij\u00e4t<\/th><td class=\"col data\" data-th=\"Muut tekij\u00e4t\">Kolho Olli, Vehmanen Esko, Larkko Olavi, Lindholm Helge, Hild\u00e9n Leo, Leid\u00e9n Eino<\/td><\/tr><tr><th class=\"col label\" scope=\"row\">Kuntoluokitus (K1-K5)<\/th><td class=\"col data\" data-th=\"Kuntoluokitus (K1-K5)\">&#8211;<\/td><\/tr><tr><th class=\"col label\" scope=\"row\">ISBN<\/th><td class=\"col data\" data-th=\"Kansipaperin kunto\">\u00a0<\/td><\/tr><tr><th class=\"col label\" scope=\"row\">Muuta<\/th><td class=\"col data\" data-th=\"Muuta\">Omistuskirjoitus ensimm\u00e4isell\u00e4 sis\u00e4sivulla, takakannessa ja viimeisell\u00e4 sis\u00e4sivulla merkint\u00f6j\u00e4. Kannessa painuma 12x25mm.\u00a0<\/td><\/tr><tr><th class=\"col label\" scope=\"row\">Korkeus (mm)<\/th><td class=\"col data\" data-th=\"Korkeus (mm)\">250<\/td><\/tr><tr><th class=\"col label\" scope=\"row\">Syvyys (mm)<\/th><td class=\"col data\" data-th=\"Syvyys (mm)\">185<\/td><\/tr><tr><th class=\"col label\" scope=\"row\">Paksuus (mm)<\/th><td class=\"col data\" data-th=\"Paksuus (mm)\">26<\/td><\/tr><tr><th class=\"col label\" scope=\"row\">Paino (g)<\/th><td class=\"col data\" data-th=\"Paino (g)\">\u00a0<\/td><\/tr><tr><th class=\"col label\" scope=\"row\">Toimitusluokka<\/th><td class=\"col data\" data-th=\"Verokanta\">kirje<\/td><\/tr><\/tbody><\/table><p>Varmistathan tietojen oikeellisuuden myyj\u00e4lt\u00e4.<\/p><\/div>","protected":false},"excerpt":{"rendered":"<p>Kirjetoimitusluokan tuotteita samaan tilaukseen yhdistett\u00e4ess\u00e4 kukin lis\u00e4tuote nostaa perustoimituskulua vain kymmenell\u00e4 sentill\u00e4 (\u20ac0.10) vuoden 2026 postin hinnoittelun mukaan.<\/p>","protected":false},"featured_media":56085,"template":"","meta":[],"_links":{"self":[{"href":"https:\/\/www.radiomarket.fi\/en\/wp-json\/wp\/v2\/product\/56084"}],"collection":[{"href":"https:\/\/www.radiomarket.fi\/en\/wp-json\/wp\/v2\/product"}],"about":[{"href":"https:\/\/www.radiomarket.fi\/en\/wp-json\/wp\/v2\/types\/product"}],"wp:featuredmedia":[{"embeddable":true,"href":"https:\/\/www.radiomarket.fi\/en\/wp-json\/wp\/v2\/media\/56085"}],"wp:attachment":[{"href":"https:\/\/www.radiomarket.fi\/en\/wp-json\/wp\/v2\/media?parent=56084"}],"curies":[{"name":"wp","href":"https:\/\/api.w.org\/{rel}","templated":true}]}}