{"id":56111,"date":"2026-01-21T11:59:19","date_gmt":"2026-01-21T09:59:19","guid":{"rendered":"https:\/\/www.radiomarket.fi\/?post_type=product&#038;p=56111"},"modified":"2026-01-22T13:07:44","modified_gmt":"2026-01-22T11:07:44","slug":"ekub0981-lanka-antennin-vetonarut-rissoilla-keikka-antenni","status":"publish","type":"product","link":"https:\/\/www.radiomarket.fi\/en\/kohde\/ekub0981-lanka-antennin-vetonarut-rissoilla-keikka-antenni\/","title":{"rendered":"EKUB0981 lanka-antennin vetonarut rissoilla &#8211; keikka-antennitarvikkeet"},"content":{"rendered":"Kaksi narukelaa, joissa molemmissa yhdeks\u00e4n metri\u00e4 narua, pikaliittimet ja rissapy\u00f6r\u00e4t, uudet tai uuden veroiset. HF-lanka-antennitarvikkeet. Retkiantenni.","protected":false},"excerpt":{"rendered":"<p>Kaksi narukelaa, joissa molemmissa yhdeks\u00e4n metri\u00e4 narua, pikaliittimet ja rissapy\u00f6r\u00e4t, uudet tai uuden veroiset. HF-lanka-antennitarvikkeet. Retkiantenni.<\/p>","protected":false},"featured_media":56131,"template":"","meta":[],"_links":{"self":[{"href":"https:\/\/www.radiomarket.fi\/en\/wp-json\/wp\/v2\/product\/56111"}],"collection":[{"href":"https:\/\/www.radiomarket.fi\/en\/wp-json\/wp\/v2\/product"}],"about":[{"href":"https:\/\/www.radiomarket.fi\/en\/wp-json\/wp\/v2\/types\/product"}],"wp:featuredmedia":[{"embeddable":true,"href":"https:\/\/www.radiomarket.fi\/en\/wp-json\/wp\/v2\/media\/56131"}],"wp:attachment":[{"href":"https:\/\/www.radiomarket.fi\/en\/wp-json\/wp\/v2\/media?parent=56111"}],"curies":[{"name":"wp","href":"https:\/\/api.w.org\/{rel}","templated":true}]}}