{"id":56119,"date":"2026-01-22T10:04:48","date_gmt":"2026-01-22T08:04:48","guid":{"rendered":"https:\/\/www.radiomarket.fi\/?post_type=product&#038;p=56119"},"modified":"2026-04-12T17:50:03","modified_gmt":"2026-04-12T14:50:03","slug":"ekub0982-sarlin-kh-7-kasihiomakone-suomalainen-rallakka","status":"publish","type":"product","link":"https:\/\/www.radiomarket.fi\/en\/kohde\/ekub0982-sarlin-kh-7-kasihiomakone-suomalainen-rallakka\/","title":{"rendered":"EKUB0982 Sarlin KH-7 k\u00e4sihiomakone suomalainen r\u00e4ll\u00e4kk\u00e4 TULOSSA"},"content":{"rendered":"Suomessa valmistettu k\u00e4sihiomakone, merkki Oy H.c. Sarlin Ab, Laji KH-7, 0,4 kW 380\/220V 1,0\/1,7A R\/m 2800 P\/s 50. Helsinki. Ulkoisesti hyv\u00e4, testaamme viel\u00e4 ennen hinnoittelua. Kulmahiomakoneen edelt\u00e4j\u00e4.","protected":false},"excerpt":{"rendered":"<p>Suomessa valmistettu k\u00e4sihiomakone, merkki Oy H.c. Sarlin Ab, Laji KH-7, 0,4 kW 380\/220V 1,0\/1,7A R\/m 2800 P\/s 50. Helsinki. Ulkoisesti hyv\u00e4, testaamme viel\u00e4 ennen hinnoittelua. Kulmahiomakoneen edelt\u00e4j\u00e4.<\/p>","protected":false},"featured_media":56124,"template":"","meta":[],"_links":{"self":[{"href":"https:\/\/www.radiomarket.fi\/en\/wp-json\/wp\/v2\/product\/56119"}],"collection":[{"href":"https:\/\/www.radiomarket.fi\/en\/wp-json\/wp\/v2\/product"}],"about":[{"href":"https:\/\/www.radiomarket.fi\/en\/wp-json\/wp\/v2\/types\/product"}],"wp:featuredmedia":[{"embeddable":true,"href":"https:\/\/www.radiomarket.fi\/en\/wp-json\/wp\/v2\/media\/56124"}],"wp:attachment":[{"href":"https:\/\/www.radiomarket.fi\/en\/wp-json\/wp\/v2\/media?parent=56119"}],"curies":[{"name":"wp","href":"https:\/\/api.w.org\/{rel}","templated":true}]}}