{"id":56160,"date":"2026-01-25T20:04:50","date_gmt":"2026-01-25T18:04:50","guid":{"rendered":"https:\/\/www.radiomarket.fi\/?post_type=product&#038;p=56160"},"modified":"2026-01-28T14:28:48","modified_gmt":"2026-01-28T12:28:48","slug":"ekub0987-nigel-calder-teknopolis-tekniikan-uhat-vuoden-1969-nakokulmasta","status":"publish","type":"product","link":"https:\/\/www.radiomarket.fi\/en\/kohde\/ekub0987-nigel-calder-teknopolis-tekniikan-uhat-vuoden-1969-nakokulmasta\/","title":{"rendered":"EKUB0987 Nigel Calder: Teknopolis, tekniikan uhat, vuoden 1969 n\u00e4k\u00f6kulmasta"},"content":{"rendered":"Tieteen ja teknologian sosiaalinen kontrolli. Mit\u00e4 uhkia teknologiassa ja kansalaisten valvonnassa n\u00e4htiin vuonna 1969?","protected":false},"excerpt":{"rendered":"<p>Kirjetoimitusluokan tuotteita samaan tilaukseen yhdistett\u00e4ess\u00e4 kukin lis\u00e4tuote nostaa perustoimituskulua vain kymmenell\u00e4 sentill\u00e4 (\u20ac0.10) vuoden 2026 postin hinnoittelun mukaan.<\/p>","protected":false},"featured_media":56163,"template":"","meta":[],"_links":{"self":[{"href":"https:\/\/www.radiomarket.fi\/en\/wp-json\/wp\/v2\/product\/56160"}],"collection":[{"href":"https:\/\/www.radiomarket.fi\/en\/wp-json\/wp\/v2\/product"}],"about":[{"href":"https:\/\/www.radiomarket.fi\/en\/wp-json\/wp\/v2\/types\/product"}],"wp:featuredmedia":[{"embeddable":true,"href":"https:\/\/www.radiomarket.fi\/en\/wp-json\/wp\/v2\/media\/56163"}],"wp:attachment":[{"href":"https:\/\/www.radiomarket.fi\/en\/wp-json\/wp\/v2\/media?parent=56160"}],"curies":[{"name":"wp","href":"https:\/\/api.w.org\/{rel}","templated":true}]}}