{"id":56168,"date":"2026-01-25T20:21:13","date_gmt":"2026-01-25T18:21:13","guid":{"rendered":"https:\/\/www.radiomarket.fi\/?post_type=product&#038;p=56168"},"modified":"2026-01-28T14:32:13","modified_gmt":"2026-01-28T12:32:13","slug":"ekub0989-pan-am-matkustamolehti-1989-newsweek","status":"publish","type":"product","link":"https:\/\/www.radiomarket.fi\/en\/kohde\/ekub0989-pan-am-matkustamolehti-1989-newsweek\/","title":{"rendered":"EKUB0989 Pan Am matkustamolehti 1989 Newsweek"},"content":{"rendered":"Pan American Airlines matkustajille tarkoitettu suojakannella suojattu matkustamolehti.","protected":false},"excerpt":{"rendered":"<p>Kirjetoimitusluokan tuotteita samaan tilaukseen yhdistett\u00e4ess\u00e4 kukin lis\u00e4tuote nostaa perustoimituskulua vain kymmenell\u00e4 sentill\u00e4 (\u20ac0.10) vuoden 2026 postin hinnoittelun mukaan.<\/p>","protected":false},"featured_media":56169,"template":"","meta":[],"_links":{"self":[{"href":"https:\/\/www.radiomarket.fi\/en\/wp-json\/wp\/v2\/product\/56168"}],"collection":[{"href":"https:\/\/www.radiomarket.fi\/en\/wp-json\/wp\/v2\/product"}],"about":[{"href":"https:\/\/www.radiomarket.fi\/en\/wp-json\/wp\/v2\/types\/product"}],"wp:featuredmedia":[{"embeddable":true,"href":"https:\/\/www.radiomarket.fi\/en\/wp-json\/wp\/v2\/media\/56169"}],"wp:attachment":[{"href":"https:\/\/www.radiomarket.fi\/en\/wp-json\/wp\/v2\/media?parent=56168"}],"curies":[{"name":"wp","href":"https:\/\/api.w.org\/{rel}","templated":true}]}}