{"id":56194,"date":"2026-01-28T17:40:32","date_gmt":"2026-01-28T15:40:32","guid":{"rendered":"https:\/\/www.radiomarket.fi\/?post_type=product&#038;p=56194"},"modified":"2026-02-25T14:15:39","modified_gmt":"2026-02-25T12:15:39","slug":"ekub0993-sony-playstation-johdot","status":"publish","type":"product","link":"https:\/\/www.radiomarket.fi\/en\/kohde\/ekub0993-sony-playstation-johdot\/","title":{"rendered":"EKUB0993 Sony Playstation johdot"},"content":{"rendered":"K\u00e4ytetty, ei testattu.","protected":false},"excerpt":{"rendered":"<p>Kirjetoimitusluokan tuotteita samaan tilaukseen yhdistett\u00e4ess\u00e4 kukin lis\u00e4tuote nostaa perustoimituskulua vain kymmenell\u00e4 sentill\u00e4 (\u20ac0.10) vuoden 2026 postin hinnoittelun mukaan.<\/p>","protected":false},"featured_media":56197,"template":"","meta":[],"_links":{"self":[{"href":"https:\/\/www.radiomarket.fi\/en\/wp-json\/wp\/v2\/product\/56194"}],"collection":[{"href":"https:\/\/www.radiomarket.fi\/en\/wp-json\/wp\/v2\/product"}],"about":[{"href":"https:\/\/www.radiomarket.fi\/en\/wp-json\/wp\/v2\/types\/product"}],"wp:featuredmedia":[{"embeddable":true,"href":"https:\/\/www.radiomarket.fi\/en\/wp-json\/wp\/v2\/media\/56197"}],"wp:attachment":[{"href":"https:\/\/www.radiomarket.fi\/en\/wp-json\/wp\/v2\/media?parent=56194"}],"curies":[{"name":"wp","href":"https:\/\/api.w.org\/{rel}","templated":true}]}}