{"id":56198,"date":"2026-01-28T17:44:55","date_gmt":"2026-01-28T15:44:55","guid":{"rendered":"https:\/\/www.radiomarket.fi\/?post_type=product&#038;p=56198"},"modified":"2026-01-28T17:49:34","modified_gmt":"2026-01-28T15:49:34","slug":"ekub0994-yaesu-m-90-microphone","status":"publish","type":"product","link":"https:\/\/www.radiomarket.fi\/en\/kohde\/ekub0994-yaesu-m-90-microphone\/","title":{"rendered":"EKUB0994 Yaesu M-90 microphone"},"content":{"rendered":"Radiopuhelinmikrofoni japanilaista laatua, erillinen tangenttikappale. K\u00e4ytetty, ei testattu. Ilman jalustaa. Radioamat\u00f6\u00f6riaseman mikrofoni.","protected":false},"excerpt":{"rendered":"<p>Radiopuhelinmikrofoni japanilaista laatua, erillinen tangenttikappale. K\u00e4ytetty, ei testattu. Ilman jalustaa. Radioamat\u00f6\u00f6riaseman mikrofoni.<\/p>","protected":false},"featured_media":56199,"template":"","meta":[],"_links":{"self":[{"href":"https:\/\/www.radiomarket.fi\/en\/wp-json\/wp\/v2\/product\/56198"}],"collection":[{"href":"https:\/\/www.radiomarket.fi\/en\/wp-json\/wp\/v2\/product"}],"about":[{"href":"https:\/\/www.radiomarket.fi\/en\/wp-json\/wp\/v2\/types\/product"}],"wp:featuredmedia":[{"embeddable":true,"href":"https:\/\/www.radiomarket.fi\/en\/wp-json\/wp\/v2\/media\/56199"}],"wp:attachment":[{"href":"https:\/\/www.radiomarket.fi\/en\/wp-json\/wp\/v2\/media?parent=56198"}],"curies":[{"name":"wp","href":"https:\/\/api.w.org\/{rel}","templated":true}]}}