{"id":56241,"date":"2026-02-01T09:31:03","date_gmt":"2026-02-01T07:31:03","guid":{"rendered":"https:\/\/www.radiomarket.fi\/?post_type=product&#038;p=56241"},"modified":"2026-02-01T09:35:39","modified_gmt":"2026-02-01T07:35:39","slug":"ekub1000-grundig-en3-sanelukone","status":"publish","type":"product","link":"https:\/\/www.radiomarket.fi\/en\/kohde\/ekub1000-grundig-en3-sanelukone\/","title":{"rendered":"EKUB1000 Grundig EN3 sanelukone"},"content":{"rendered":"Varttituuman nauhakasettia k\u00e4ytt\u00e4v\u00e4 sanelukone, kasetti mukana, ei testattu. Luultavasti 1964-1967 valmistettu.","protected":false},"excerpt":{"rendered":"<p>Varttituuman nauhakasettia k\u00e4ytt\u00e4v\u00e4 sanelukone, kasetti mukana, ei testattu. Luultavasti 1964-1967 valmistettu.<\/p>","protected":false},"featured_media":56244,"template":"","meta":[],"_links":{"self":[{"href":"https:\/\/www.radiomarket.fi\/en\/wp-json\/wp\/v2\/product\/56241"}],"collection":[{"href":"https:\/\/www.radiomarket.fi\/en\/wp-json\/wp\/v2\/product"}],"about":[{"href":"https:\/\/www.radiomarket.fi\/en\/wp-json\/wp\/v2\/types\/product"}],"wp:featuredmedia":[{"embeddable":true,"href":"https:\/\/www.radiomarket.fi\/en\/wp-json\/wp\/v2\/media\/56244"}],"wp:attachment":[{"href":"https:\/\/www.radiomarket.fi\/en\/wp-json\/wp\/v2\/media?parent=56241"}],"curies":[{"name":"wp","href":"https:\/\/api.w.org\/{rel}","templated":true}]}}