{"id":56258,"date":"2026-02-01T09:41:40","date_gmt":"2026-02-01T07:41:40","guid":{"rendered":"https:\/\/www.radiomarket.fi\/?post_type=product&#038;p=56258"},"modified":"2026-02-25T13:47:34","modified_gmt":"2026-02-25T11:47:34","slug":"ekub0996-ajoneuvoasennussanka-radiopuhelimelle","status":"publish","type":"product","link":"https:\/\/www.radiomarket.fi\/en\/kohde\/ekub0996-ajoneuvoasennussanka-radiopuhelimelle\/","title":{"rendered":"EKUB0997 Ajoneuvoasennussanka radiopuhelimelle"},"content":{"rendered":"Noin 15 cm leve\u00e4lle radiolle. Sivukiinnitysreikien v\u00e4li 9 cm. Radiopuhelinsanka.","protected":false},"excerpt":{"rendered":"<p>Noin 15 cm leve\u00e4lle radiolle. Sivukiinnitysreikien v\u00e4li 9 cm. Radiopuhelinsanka.<\/p>","protected":false},"featured_media":56259,"template":"","meta":[],"_links":{"self":[{"href":"https:\/\/www.radiomarket.fi\/en\/wp-json\/wp\/v2\/product\/56258"}],"collection":[{"href":"https:\/\/www.radiomarket.fi\/en\/wp-json\/wp\/v2\/product"}],"about":[{"href":"https:\/\/www.radiomarket.fi\/en\/wp-json\/wp\/v2\/types\/product"}],"wp:featuredmedia":[{"embeddable":true,"href":"https:\/\/www.radiomarket.fi\/en\/wp-json\/wp\/v2\/media\/56259"}],"wp:attachment":[{"href":"https:\/\/www.radiomarket.fi\/en\/wp-json\/wp\/v2\/media?parent=56258"}],"curies":[{"name":"wp","href":"https:\/\/api.w.org\/{rel}","templated":true}]}}