{"id":56301,"date":"2026-02-07T09:07:36","date_gmt":"2026-02-07T07:07:36","guid":{"rendered":"https:\/\/www.radiomarket.fi\/?post_type=product&#038;p=56301"},"modified":"2026-02-07T09:12:58","modified_gmt":"2026-02-07T07:12:58","slug":"ekum0975-gossen-20-ua-hf-eingang-trager-ampeerimittari","status":"publish","type":"product","link":"https:\/\/www.radiomarket.fi\/en\/kohde\/ekum0975-gossen-20-ua-hf-eingang-trager-ampeerimittari\/","title":{"rendered":"EKUM0975 Gossen 20 uA HF-Eingang M &#8211; Trager ampeerimittari"},"content":{"rendered":"Mittari minimiss\u00e4\u00e4n 38 mm asennusreik\u00e4\u00e4n. Yleismittarilla kela n\u00e4ytt\u00e4isi ehyelt\u00e4. Lasiton mittari kahden tuuman aukkoon.Yleismittarin mukaan mittarin kela olisi ehyt. Kotelon syvyys n. 25 mm.","protected":false},"excerpt":{"rendered":"<p>Mittari minimiss\u00e4\u00e4n 38 mm asennusreik\u00e4\u00e4n. Yleismittarilla kela n\u00e4ytt\u00e4isi ehyelt\u00e4. Lasiton mittari kahden tuuman aukkoon.Yleismittarin mukaan mittarin kela olisi ehyt. Kotelon syvyys n. 25 mm.<\/p>","protected":false},"featured_media":56303,"template":"","meta":[],"_links":{"self":[{"href":"https:\/\/www.radiomarket.fi\/en\/wp-json\/wp\/v2\/product\/56301"}],"collection":[{"href":"https:\/\/www.radiomarket.fi\/en\/wp-json\/wp\/v2\/product"}],"about":[{"href":"https:\/\/www.radiomarket.fi\/en\/wp-json\/wp\/v2\/types\/product"}],"wp:featuredmedia":[{"embeddable":true,"href":"https:\/\/www.radiomarket.fi\/en\/wp-json\/wp\/v2\/media\/56303"}],"wp:attachment":[{"href":"https:\/\/www.radiomarket.fi\/en\/wp-json\/wp\/v2\/media?parent=56301"}],"curies":[{"name":"wp","href":"https:\/\/api.w.org\/{rel}","templated":true}]}}