{"id":56309,"date":"2026-02-09T17:40:12","date_gmt":"2026-02-09T15:40:12","guid":{"rendered":"https:\/\/www.radiomarket.fi\/?post_type=product&#038;p=56309"},"modified":"2026-02-09T17:54:07","modified_gmt":"2026-02-09T15:54:07","slug":"ekum0977-mra-52-0-15a-ampeerimittari","status":"publish","type":"product","link":"https:\/\/www.radiomarket.fi\/en\/kohde\/ekum0977-mra-52-0-15a-ampeerimittari\/","title":{"rendered":"EKUM0977 MRA-52 0-15A ampeerimittari"},"content":{"rendered":"Mittari minimiss\u00e4\u00e4n 52 mm asennusreik\u00e4\u00e4n. AEON mittari kahden tuuman aukkoon. Mukana asennuslevy pelti\u00e4.","protected":false},"excerpt":{"rendered":"<p>Mittari minimiss\u00e4\u00e4n 52 mm asennusreik\u00e4\u00e4n. AEON mittari kahden tuuman aukkoon. Mukana asennuslevy pelti\u00e4.<\/p>","protected":false},"featured_media":56322,"template":"","meta":[],"_links":{"self":[{"href":"https:\/\/www.radiomarket.fi\/en\/wp-json\/wp\/v2\/product\/56309"}],"collection":[{"href":"https:\/\/www.radiomarket.fi\/en\/wp-json\/wp\/v2\/product"}],"about":[{"href":"https:\/\/www.radiomarket.fi\/en\/wp-json\/wp\/v2\/types\/product"}],"wp:featuredmedia":[{"embeddable":true,"href":"https:\/\/www.radiomarket.fi\/en\/wp-json\/wp\/v2\/media\/56322"}],"wp:attachment":[{"href":"https:\/\/www.radiomarket.fi\/en\/wp-json\/wp\/v2\/media?parent=56309"}],"curies":[{"name":"wp","href":"https:\/\/api.w.org\/{rel}","templated":true}]}}