{"id":56402,"date":"2026-04-11T16:44:48","date_gmt":"2026-04-11T13:44:48","guid":{"rendered":"https:\/\/www.radiomarket.fi\/?post_type=product&#038;p=56402"},"modified":"2026-04-12T12:05:46","modified_gmt":"2026-04-12T09:05:46","slug":"ekum0984-polkupyoran-nokkakoriste","status":"publish","type":"product","link":"https:\/\/www.radiomarket.fi\/en\/kohde\/ekum0984-polkupyoran-nokkakoriste\/","title":{"rendered":"EKUM0984 Polkupy\u00f6r\u00e4n nokkakoriste"},"content":{"rendered":"<p>Mahdollisesti viallinen saksalainen tai sen suomalainen yksinkertaistettu kopio etulokasuojan p\u00e4\u00e4lle. Aika vanha.<\/p>","protected":false},"excerpt":{"rendered":"<p>Kirjetoimitusluokan tuotteita samaan tilaukseen yhdistett\u00e4ess\u00e4 kukin lis\u00e4tuote nostaa perustoimituskulua vain kymmenell\u00e4 sentill\u00e4 (\u20ac0.10) 2\/2026 postin hinnoittelun mukaan.<\/p>","protected":false},"featured_media":56405,"template":"","meta":[],"_links":{"self":[{"href":"https:\/\/www.radiomarket.fi\/en\/wp-json\/wp\/v2\/product\/56402"}],"collection":[{"href":"https:\/\/www.radiomarket.fi\/en\/wp-json\/wp\/v2\/product"}],"about":[{"href":"https:\/\/www.radiomarket.fi\/en\/wp-json\/wp\/v2\/types\/product"}],"wp:featuredmedia":[{"embeddable":true,"href":"https:\/\/www.radiomarket.fi\/en\/wp-json\/wp\/v2\/media\/56405"}],"wp:attachment":[{"href":"https:\/\/www.radiomarket.fi\/en\/wp-json\/wp\/v2\/media?parent=56402"}],"curies":[{"name":"wp","href":"https:\/\/api.w.org\/{rel}","templated":true}]}}