{"id":56421,"date":"2026-02-24T18:06:26","date_gmt":"2026-02-24T16:06:26","guid":{"rendered":"https:\/\/www.radiomarket.fi\/?post_type=product&#038;p=56421"},"modified":"2026-02-25T13:51:02","modified_gmt":"2026-02-25T11:51:02","slug":"ekub1011-hb9ddf-hf-box-150w","status":"publish","type":"product","link":"https:\/\/www.radiomarket.fi\/en\/kohde\/ekub1011-hb9ddf-hf-box-150w\/","title":{"rendered":"EKUB1011 HB9DDF HF-Box 150W"},"content":{"rendered":"Siistikuntoinen, ehk\u00e4 k\u00e4ytt\u00e4m\u00e4t\u00f6n antenniohjainboksi.","protected":false},"excerpt":{"rendered":"<p>Siistikuntoinen, ehk\u00e4 k\u00e4ytt\u00e4m\u00e4t\u00f6n antenniohjainboksi.<\/p>","protected":false},"featured_media":56424,"template":"","meta":[],"_links":{"self":[{"href":"https:\/\/www.radiomarket.fi\/en\/wp-json\/wp\/v2\/product\/56421"}],"collection":[{"href":"https:\/\/www.radiomarket.fi\/en\/wp-json\/wp\/v2\/product"}],"about":[{"href":"https:\/\/www.radiomarket.fi\/en\/wp-json\/wp\/v2\/types\/product"}],"wp:featuredmedia":[{"embeddable":true,"href":"https:\/\/www.radiomarket.fi\/en\/wp-json\/wp\/v2\/media\/56424"}],"wp:attachment":[{"href":"https:\/\/www.radiomarket.fi\/en\/wp-json\/wp\/v2\/media?parent=56421"}],"curies":[{"name":"wp","href":"https:\/\/api.w.org\/{rel}","templated":true}]}}