{"id":56438,"date":"2026-02-24T19:02:33","date_gmt":"2026-02-24T17:02:33","guid":{"rendered":"https:\/\/www.radiomarket.fi\/?post_type=product&#038;p=56438"},"modified":"2026-03-04T15:11:30","modified_gmt":"2026-03-04T13:11:30","slug":"ekum0987-525-ds-dd-levyke","status":"publish","type":"product","link":"https:\/\/www.radiomarket.fi\/en\/kohde\/ekum0987-525-ds-dd-levyke\/","title":{"rendered":"EKUM0987 5,25&#8243; DS DD levyke"},"content":{"rendered":"<p>K\u00e4ytetty tai uusi levyke suojataskussaan, kirjetoimitus, myyd\u00e4\u00e4n yksitt\u00e4in. Lerppu.<\/p>","protected":false},"excerpt":{"rendered":"<p>Kirjetoimitusluokan tuotteita samaan tilaukseen yhdistett\u00e4ess\u00e4 kukin lis\u00e4tuote nostaa perustoimituskulua vain kymmenell\u00e4 sentill\u00e4 (\u20ac0.10) 2\/2026 postin hinnoittelun mukaan.<\/p>","protected":false},"featured_media":56439,"template":"","meta":[],"_links":{"self":[{"href":"https:\/\/www.radiomarket.fi\/en\/wp-json\/wp\/v2\/product\/56438"}],"collection":[{"href":"https:\/\/www.radiomarket.fi\/en\/wp-json\/wp\/v2\/product"}],"about":[{"href":"https:\/\/www.radiomarket.fi\/en\/wp-json\/wp\/v2\/types\/product"}],"wp:featuredmedia":[{"embeddable":true,"href":"https:\/\/www.radiomarket.fi\/en\/wp-json\/wp\/v2\/media\/56439"}],"wp:attachment":[{"href":"https:\/\/www.radiomarket.fi\/en\/wp-json\/wp\/v2\/media?parent=56438"}],"curies":[{"name":"wp","href":"https:\/\/api.w.org\/{rel}","templated":true}]}}