{"id":56440,"date":"2026-02-24T19:13:51","date_gmt":"2026-02-24T17:13:51","guid":{"rendered":"https:\/\/www.radiomarket.fi\/?post_type=product&#038;p=56440"},"modified":"2026-03-04T15:10:11","modified_gmt":"2026-03-04T13:10:11","slug":"ekum0986-bestel-11395-kelloradio-kaytetty-toimii","status":"publish","type":"product","link":"https:\/\/www.radiomarket.fi\/en\/kohde\/ekum0986-bestel-11395-kelloradio-kaytetty-toimii\/","title":{"rendered":"EKUM0986 Bestel 11395 kelloradio k\u00e4ytetty toimii"},"content":{"rendered":"<p>Kellonajan n\u00e4ytt\u00f6 p\u00e4iv\u00e4nvalossa himme\u00e4, radio soi ULA:lla, AM ei testattu. Her\u00e4tyst\u00e4 ei testattu.<\/p>","protected":false},"excerpt":{"rendered":"<p>Kellonajan n\u00e4ytt\u00f6 p\u00e4iv\u00e4nvalossa himme\u00e4, radio soi ULA:lla, AM ei testattu. Her\u00e4tyst\u00e4 ei testattu.<\/p>","protected":false},"featured_media":56441,"template":"","meta":[],"_links":{"self":[{"href":"https:\/\/www.radiomarket.fi\/en\/wp-json\/wp\/v2\/product\/56440"}],"collection":[{"href":"https:\/\/www.radiomarket.fi\/en\/wp-json\/wp\/v2\/product"}],"about":[{"href":"https:\/\/www.radiomarket.fi\/en\/wp-json\/wp\/v2\/types\/product"}],"wp:featuredmedia":[{"embeddable":true,"href":"https:\/\/www.radiomarket.fi\/en\/wp-json\/wp\/v2\/media\/56441"}],"wp:attachment":[{"href":"https:\/\/www.radiomarket.fi\/en\/wp-json\/wp\/v2\/media?parent=56440"}],"curies":[{"name":"wp","href":"https:\/\/api.w.org\/{rel}","templated":true}]}}