{"id":56448,"date":"2026-02-24T19:25:39","date_gmt":"2026-02-24T17:25:39","guid":{"rendered":"https:\/\/www.radiomarket.fi\/?post_type=product&#038;p=56448"},"modified":"2026-02-25T13:55:35","modified_gmt":"2026-02-25T11:55:35","slug":"ekub1015-radion-kiinnityssanka-18-cm-levea","status":"publish","type":"product","link":"https:\/\/www.radiomarket.fi\/en\/kohde\/ekub1015-radion-kiinnityssanka-18-cm-levea\/","title":{"rendered":"EKUB1015 Radion kiinnityssanka 18 cm leve\u00e4"},"content":{"rendered":"K\u00e4ytetty radiopuhelimen kiinnityssanka. Radion sivuruuviv\u00e4li 3 cm.","protected":false},"excerpt":{"rendered":"<p>K\u00e4ytetty radiopuhelimen kiinnityssanka. Radion sivuruuviv\u00e4li 3 cm.<\/p>","protected":false},"featured_media":56449,"template":"","meta":[],"_links":{"self":[{"href":"https:\/\/www.radiomarket.fi\/en\/wp-json\/wp\/v2\/product\/56448"}],"collection":[{"href":"https:\/\/www.radiomarket.fi\/en\/wp-json\/wp\/v2\/product"}],"about":[{"href":"https:\/\/www.radiomarket.fi\/en\/wp-json\/wp\/v2\/types\/product"}],"wp:featuredmedia":[{"embeddable":true,"href":"https:\/\/www.radiomarket.fi\/en\/wp-json\/wp\/v2\/media\/56449"}],"wp:attachment":[{"href":"https:\/\/www.radiomarket.fi\/en\/wp-json\/wp\/v2\/media?parent=56448"}],"curies":[{"name":"wp","href":"https:\/\/api.w.org\/{rel}","templated":true}]}}