{"id":56478,"date":"2026-03-03T13:38:38","date_gmt":"2026-03-03T11:38:38","guid":{"rendered":"https:\/\/www.radiomarket.fi\/?post_type=product&#038;p=56478"},"modified":"2026-03-14T14:11:58","modified_gmt":"2026-03-14T12:11:58","slug":"ekub1017-commander-vc55-yksivaihetaajuusmuunnin-kaytetty-tulossa","status":"publish","type":"product","link":"https:\/\/www.radiomarket.fi\/en\/kohde\/ekub1017-commander-vc55-yksivaihetaajuusmuunnin-kaytetty-tulossa\/","title":{"rendered":"EKUB1017 Commander VC55 yksivaihetaajuusmuunnin 550W k\u00e4ytetty"},"content":{"rendered":"Moottorin nopeudens\u00e4\u00e4din s\u00e4\u00e4t\u00f6potentiometrill\u00e4. Myyj\u00e4 vakuutti laitteen toimivan joten myyd\u00e4n toimivana postimyynnin kahden viikon palautusajalla.","protected":false},"excerpt":{"rendered":"<p>Moottorin nopeudens\u00e4\u00e4din s\u00e4\u00e4t\u00f6potentiometrill\u00e4. Myyj\u00e4 vakuutti laitteen toimivan joten myyd\u00e4n toimivana postimyynnin kahden viikon palautusajalla.<\/p>","protected":false},"featured_media":56495,"template":"","meta":[],"_links":{"self":[{"href":"https:\/\/www.radiomarket.fi\/en\/wp-json\/wp\/v2\/product\/56478"}],"collection":[{"href":"https:\/\/www.radiomarket.fi\/en\/wp-json\/wp\/v2\/product"}],"about":[{"href":"https:\/\/www.radiomarket.fi\/en\/wp-json\/wp\/v2\/types\/product"}],"wp:featuredmedia":[{"embeddable":true,"href":"https:\/\/www.radiomarket.fi\/en\/wp-json\/wp\/v2\/media\/56495"}],"wp:attachment":[{"href":"https:\/\/www.radiomarket.fi\/en\/wp-json\/wp\/v2\/media?parent=56478"}],"curies":[{"name":"wp","href":"https:\/\/api.w.org\/{rel}","templated":true}]}}