{"id":56498,"date":"2026-03-03T19:14:02","date_gmt":"2026-03-03T17:14:02","guid":{"rendered":"https:\/\/www.radiomarket.fi\/?post_type=product&#038;p=56498"},"modified":"2026-03-03T19:17:51","modified_gmt":"2026-03-03T17:17:51","slug":"ekum0989-oljysailion-ylitayttotesteri-korjattavaksi","status":"publish","type":"product","link":"https:\/\/www.radiomarket.fi\/en\/kohde\/ekum0989-oljysailion-ylitayttotesteri-korjattavaksi\/","title":{"rendered":"EKUM0989 \u00d6ljys\u00e4ili\u00f6n ylit\u00e4ytt\u00f6testeri korjattavaksi"},"content":{"rendered":"Ei kuulema toimi. Ei tutkittu tarkemmin.","protected":false},"excerpt":{"rendered":"<p>Ei kuulema toimi. Ei tutkittu tarkemmin.<\/p>","protected":false},"featured_media":56500,"template":"","meta":[],"_links":{"self":[{"href":"https:\/\/www.radiomarket.fi\/en\/wp-json\/wp\/v2\/product\/56498"}],"collection":[{"href":"https:\/\/www.radiomarket.fi\/en\/wp-json\/wp\/v2\/product"}],"about":[{"href":"https:\/\/www.radiomarket.fi\/en\/wp-json\/wp\/v2\/types\/product"}],"wp:featuredmedia":[{"embeddable":true,"href":"https:\/\/www.radiomarket.fi\/en\/wp-json\/wp\/v2\/media\/56500"}],"wp:attachment":[{"href":"https:\/\/www.radiomarket.fi\/en\/wp-json\/wp\/v2\/media?parent=56498"}],"curies":[{"name":"wp","href":"https:\/\/api.w.org\/{rel}","templated":true}]}}