{"id":56501,"date":"2026-03-04T15:42:31","date_gmt":"2026-03-04T13:42:31","guid":{"rendered":"https:\/\/www.radiomarket.fi\/?post_type=product&#038;p=56501"},"modified":"2026-03-04T20:53:47","modified_gmt":"2026-03-04T18:53:47","slug":"ekum2576-feteasca-romanialainen-puolimakea-valkoviini-pullo-rekvisiitaksi","status":"publish","type":"product","link":"https:\/\/www.radiomarket.fi\/en\/kohde\/ekum2576-feteasca-romanialainen-puolimakea-valkoviini-pullo-rekvisiitaksi\/","title":{"rendered":"EKUM2576 Feteasca Romanialainen puolimakea valkoviini pullo rekvisiitaksi"},"content":{"rendered":"<p>Tyhj\u00e4 pullo esimerkiksi elokuvien ja teatterituotantojen rekvisiitaksi tai ker\u00e4ilyyn, arviolta vuosilta 1995-2001. Etiketiss\u00e4 mainittu Primalco Oy on ollut kaupparekisteriss\u00e4 14.12.1994-29.04.2002.<\/p><p>#1990-luku<br \/>#rekvisiitta<\/p>","protected":false},"excerpt":{"rendered":"<p>Tyhj\u00e4 pullo esimerkiksi elokuvien ja teatterituotantojen rekvisiitaksi tai ker\u00e4ilyyn, arviolta vuosilta 1995-2001. Etiketiss\u00e4 mainittu Primalco Oy on ollut kaupparekisteriss\u00e4 14.12.1994-29.04.2002.#1990-luku#rekvisiitta<\/p>","protected":false},"featured_media":56503,"template":"","meta":[],"_links":{"self":[{"href":"https:\/\/www.radiomarket.fi\/en\/wp-json\/wp\/v2\/product\/56501"}],"collection":[{"href":"https:\/\/www.radiomarket.fi\/en\/wp-json\/wp\/v2\/product"}],"about":[{"href":"https:\/\/www.radiomarket.fi\/en\/wp-json\/wp\/v2\/types\/product"}],"wp:featuredmedia":[{"embeddable":true,"href":"https:\/\/www.radiomarket.fi\/en\/wp-json\/wp\/v2\/media\/56503"}],"wp:attachment":[{"href":"https:\/\/www.radiomarket.fi\/en\/wp-json\/wp\/v2\/media?parent=56501"}],"curies":[{"name":"wp","href":"https:\/\/api.w.org\/{rel}","templated":true}]}}