{"id":56543,"date":"2026-03-20T14:51:42","date_gmt":"2026-03-20T12:51:42","guid":{"rendered":"https:\/\/www.radiomarket.fi\/?post_type=product&#038;p=56543"},"modified":"2026-03-21T16:18:05","modified_gmt":"2026-03-21T14:18:05","slug":"ekum0993","status":"publish","type":"product","link":"https:\/\/www.radiomarket.fi\/en\/kohde\/ekum0993\/","title":{"rendered":"EKUM0993 5,25\u201d levykkeet"},"content":{"rendered":"5 kpl k\u00e4ytt\u00e4m\u00e4tt\u00f6m\u00e4n n\u00e4k\u00f6isi\u00e4 lerppuja. Sis\u00e4lt\u00f6 tai tyhjyys tuntematon.","protected":false},"excerpt":{"rendered":"<p>Kirjetoimitusluokan tuotteita samaan tilaukseen yhdistett\u00e4ess\u00e4 kukin lis\u00e4tuote nostaa perustoimituskulua vain kymmenell\u00e4 sentill\u00e4 (\u20ac0.10) 2\/2026 postin hinnoittelun mukaan.<\/p>","protected":false},"featured_media":56676,"template":"","meta":[],"_links":{"self":[{"href":"https:\/\/www.radiomarket.fi\/en\/wp-json\/wp\/v2\/product\/56543"}],"collection":[{"href":"https:\/\/www.radiomarket.fi\/en\/wp-json\/wp\/v2\/product"}],"about":[{"href":"https:\/\/www.radiomarket.fi\/en\/wp-json\/wp\/v2\/types\/product"}],"wp:featuredmedia":[{"embeddable":true,"href":"https:\/\/www.radiomarket.fi\/en\/wp-json\/wp\/v2\/media\/56676"}],"wp:attachment":[{"href":"https:\/\/www.radiomarket.fi\/en\/wp-json\/wp\/v2\/media?parent=56543"}],"curies":[{"name":"wp","href":"https:\/\/api.w.org\/{rel}","templated":true}]}}