{"id":56572,"date":"2026-03-16T17:31:40","date_gmt":"2026-03-16T15:31:40","guid":{"rendered":"https:\/\/www.radiomarket.fi\/?post_type=product&#038;p=56572"},"modified":"2026-04-07T12:46:32","modified_gmt":"2026-04-07T09:46:32","slug":"ekus0345-radiomiehen-kasikirja","status":"publish","type":"product","link":"https:\/\/www.radiomarket.fi\/en\/kohde\/ekus0345-radiomiehen-kasikirja\/","title":{"rendered":"EKUS0345 Radiomiehen k\u00e4sikirja"},"content":{"rendered":"<p>Kova- ja pehmytkantiset putkiradiotekniikan opaskirjat, kolme pehme\u00e4kantista. Kerro mink\u00e4 haluat. T\u00e4st\u00e4 tuotteesta SRHS:n j\u00e4sen saa j\u00e4senalennuksen tilatessaan sen s\u00e4hk\u00f6postilla.<\/p>","protected":false},"excerpt":{"rendered":"<p>Kirjetoimitusluokan tuotteita samaan tilaukseen yhdistett\u00e4ess\u00e4 kukin lis\u00e4tuote nostaa perustoimituskulua vain kymmenell\u00e4 sentill\u00e4 (\u20ac0.10) 2\/2026 postin hinnoittelun mukaan.<\/p>","protected":false},"featured_media":56573,"template":"","meta":[],"_links":{"self":[{"href":"https:\/\/www.radiomarket.fi\/en\/wp-json\/wp\/v2\/product\/56572"}],"collection":[{"href":"https:\/\/www.radiomarket.fi\/en\/wp-json\/wp\/v2\/product"}],"about":[{"href":"https:\/\/www.radiomarket.fi\/en\/wp-json\/wp\/v2\/types\/product"}],"wp:featuredmedia":[{"embeddable":true,"href":"https:\/\/www.radiomarket.fi\/en\/wp-json\/wp\/v2\/media\/56573"}],"wp:attachment":[{"href":"https:\/\/www.radiomarket.fi\/en\/wp-json\/wp\/v2\/media?parent=56572"}],"curies":[{"name":"wp","href":"https:\/\/api.w.org\/{rel}","templated":true}]}}