{"id":56576,"date":"2026-03-16T17:43:23","date_gmt":"2026-03-16T15:43:23","guid":{"rendered":"https:\/\/www.radiomarket.fi\/?post_type=product&#038;p=56576"},"modified":"2026-04-07T12:46:55","modified_gmt":"2026-04-07T09:46:55","slug":"ekus0346-otto-limann-radiotekniikka","status":"publish","type":"product","link":"https:\/\/www.radiomarket.fi\/en\/kohde\/ekus0346-otto-limann-radiotekniikka\/","title":{"rendered":"EKUS0346 Otto Limann: Radiotekniikka"},"content":{"rendered":"<p>Pehmytkantinen radiotekniikan oppikirja, luettu.<\/p>","protected":false},"excerpt":{"rendered":"<p>Kirjetoimitusluokan tuotteita samaan tilaukseen yhdistett\u00e4ess\u00e4 kukin lis\u00e4tuote nostaa perustoimituskulua vain kymmenell\u00e4 sentill\u00e4 (\u20ac0.10) 2\/2026 postin hinnoittelun mukaan.<\/p>","protected":false},"featured_media":56577,"template":"","meta":[],"_links":{"self":[{"href":"https:\/\/www.radiomarket.fi\/en\/wp-json\/wp\/v2\/product\/56576"}],"collection":[{"href":"https:\/\/www.radiomarket.fi\/en\/wp-json\/wp\/v2\/product"}],"about":[{"href":"https:\/\/www.radiomarket.fi\/en\/wp-json\/wp\/v2\/types\/product"}],"wp:featuredmedia":[{"embeddable":true,"href":"https:\/\/www.radiomarket.fi\/en\/wp-json\/wp\/v2\/media\/56577"}],"wp:attachment":[{"href":"https:\/\/www.radiomarket.fi\/en\/wp-json\/wp\/v2\/media?parent=56576"}],"curies":[{"name":"wp","href":"https:\/\/api.w.org\/{rel}","templated":true}]}}