{"id":56615,"date":"2026-04-13T13:58:57","date_gmt":"2026-04-13T10:58:57","guid":{"rendered":"https:\/\/www.radiomarket.fi\/?post_type=product&#038;p=56615"},"modified":"2026-04-13T14:26:21","modified_gmt":"2026-04-13T11:26:21","slug":"ekus0347-wiio-somerikko-taskuradiot","status":"publish","type":"product","link":"https:\/\/www.radiomarket.fi\/en\/kohde\/ekus0347-wiio-somerikko-taskuradiot\/","title":{"rendered":"EKUS0347 Wiio-Somerikko: Taskuradiot"},"content":{"rendered":"<p>Pehmytkantinen radiorakentajan opas, luettu. T\u00e4st\u00e4 tuotteesta SRHS:n j\u00e4sen saa j\u00e4senalennuksen tilatessaan sen s\u00e4hk\u00f6postilla.<\/p>","protected":false},"excerpt":{"rendered":"<p>Kirjetoimitusluokan tuotteita samaan tilaukseen yhdistett\u00e4ess\u00e4 kukin lis\u00e4tuote nostaa perustoimituskulua vain kymmenell\u00e4 sentill\u00e4 (\u20ac0.10) 2\/2026 postin hinnoittelun mukaan.<\/p>","protected":false},"featured_media":56616,"template":"","meta":[],"_links":{"self":[{"href":"https:\/\/www.radiomarket.fi\/en\/wp-json\/wp\/v2\/product\/56615"}],"collection":[{"href":"https:\/\/www.radiomarket.fi\/en\/wp-json\/wp\/v2\/product"}],"about":[{"href":"https:\/\/www.radiomarket.fi\/en\/wp-json\/wp\/v2\/types\/product"}],"wp:featuredmedia":[{"embeddable":true,"href":"https:\/\/www.radiomarket.fi\/en\/wp-json\/wp\/v2\/media\/56616"}],"wp:attachment":[{"href":"https:\/\/www.radiomarket.fi\/en\/wp-json\/wp\/v2\/media?parent=56615"}],"curies":[{"name":"wp","href":"https:\/\/api.w.org\/{rel}","templated":true}]}}