{"id":56633,"date":"2026-03-21T14:30:58","date_gmt":"2026-03-21T12:30:58","guid":{"rendered":"https:\/\/www.radiomarket.fi\/?post_type=product&#038;p=56633"},"modified":"2026-03-23T20:59:00","modified_gmt":"2026-03-23T18:59:00","slug":"ekum0996-philips-transistoriradio-varaosiksi","status":"publish","type":"product","link":"https:\/\/www.radiomarket.fi\/en\/kohde\/ekum0996-philips-transistoriradio-varaosiksi\/","title":{"rendered":"EKUM0996 Philips transistoriradio varaosiksi"},"content":{"rendered":"Hinta kokonaisuudelta. T\u00e4t\u00e4 on ilmeisesti yritetty korjata vaihtamalla osa toisen radion koneistoa sis\u00e4\u00e4n. Tiedustele pisteosien hintaa ja saatavuutta.","protected":false},"excerpt":{"rendered":"<p>Hinta kokonaisuudelta. T\u00e4t\u00e4 on ilmeisesti yritetty korjata vaihtamalla osa toisen radion koneistoa sis\u00e4\u00e4n. Tiedustele pisteosien hintaa ja saatavuutta.<\/p>","protected":false},"featured_media":56639,"template":"","meta":[],"_links":{"self":[{"href":"https:\/\/www.radiomarket.fi\/en\/wp-json\/wp\/v2\/product\/56633"}],"collection":[{"href":"https:\/\/www.radiomarket.fi\/en\/wp-json\/wp\/v2\/product"}],"about":[{"href":"https:\/\/www.radiomarket.fi\/en\/wp-json\/wp\/v2\/types\/product"}],"wp:featuredmedia":[{"embeddable":true,"href":"https:\/\/www.radiomarket.fi\/en\/wp-json\/wp\/v2\/media\/56639"}],"wp:attachment":[{"href":"https:\/\/www.radiomarket.fi\/en\/wp-json\/wp\/v2\/media?parent=56633"}],"curies":[{"name":"wp","href":"https:\/\/api.w.org\/{rel}","templated":true}]}}