{"id":56705,"date":"2026-03-28T13:18:33","date_gmt":"2026-03-28T11:18:33","guid":{"rendered":"https:\/\/www.radiomarket.fi\/?post_type=product&#038;p=56705"},"modified":"2026-03-28T13:46:47","modified_gmt":"2026-03-28T11:46:47","slug":"ekus0353-ajankohtaista-elektroniikkaa-uutta-ic-tekniikkaa-motorolalta-1972","status":"publish","type":"product","link":"https:\/\/www.radiomarket.fi\/en\/kohde\/ekus0353-ajankohtaista-elektroniikkaa-uutta-ic-tekniikkaa-motorolalta-1972\/","title":{"rendered":"EKUS0353 Ajankohtaista elektroniikkaa Uutta IC-tekniikkaa Motorolalta 1972"},"content":{"rendered":"A5-kokoinen Motorolan mikropiiri datakirja vuodelta 1972. T\u00e4st\u00e4 tuotteesta SRHS:n j\u00e4sen saa j\u00e4senalennuksen tilatessaan sen s\u00e4hk\u00f6postilla.","protected":false},"excerpt":{"rendered":"<p>Kirjetoimitusluokan tuotteita samaan tilaukseen yhdistett\u00e4ess\u00e4 kukin lis\u00e4tuote nostaa perustoimituskulua vain kymmenell\u00e4 sentill\u00e4 (\u20ac0.10) 2\/2026 postin hinnoittelun mukaan.<\/p>","protected":false},"featured_media":56706,"template":"","meta":[],"_links":{"self":[{"href":"https:\/\/www.radiomarket.fi\/en\/wp-json\/wp\/v2\/product\/56705"}],"collection":[{"href":"https:\/\/www.radiomarket.fi\/en\/wp-json\/wp\/v2\/product"}],"about":[{"href":"https:\/\/www.radiomarket.fi\/en\/wp-json\/wp\/v2\/types\/product"}],"wp:featuredmedia":[{"embeddable":true,"href":"https:\/\/www.radiomarket.fi\/en\/wp-json\/wp\/v2\/media\/56706"}],"wp:attachment":[{"href":"https:\/\/www.radiomarket.fi\/en\/wp-json\/wp\/v2\/media?parent=56705"}],"curies":[{"name":"wp","href":"https:\/\/api.w.org\/{rel}","templated":true}]}}