{"id":56711,"date":"2026-03-28T13:48:08","date_gmt":"2026-03-28T11:48:08","guid":{"rendered":"https:\/\/www.radiomarket.fi\/?post_type=product&#038;p=56711"},"modified":"2026-03-28T14:00:15","modified_gmt":"2026-03-28T12:00:15","slug":"ekus0352-marcus-tv-vastaanotin-1960-painos","status":"publish","type":"product","link":"https:\/\/www.radiomarket.fi\/en\/kohde\/ekus0352-marcus-tv-vastaanotin-1960-painos\/","title":{"rendered":"EKUS0352 Marcus: TV-vastaanotin (1960 painos)"},"content":{"rendered":"A5-kokoinen televisiotekniikan kirja. Ilmeisen tarpeellinen aikanaan, sill\u00e4 n\u00e4it\u00e4 on luettu tosi innokkaasti ja se n\u00e4kyy niiden kunnossa. Paras myyd\u00e4\u00e4n ensin.","protected":false},"excerpt":{"rendered":"<p>Kirjetoimitusluokan tuotteita samaan tilaukseen yhdistett\u00e4ess\u00e4 kukin lis\u00e4tuote nostaa perustoimituskulua vain kymmenell\u00e4 sentill\u00e4 (\u20ac0.10) 2\/2026 postin hinnoittelun mukaan.<\/p>","protected":false},"featured_media":56712,"template":"","meta":[],"_links":{"self":[{"href":"https:\/\/www.radiomarket.fi\/en\/wp-json\/wp\/v2\/product\/56711"}],"collection":[{"href":"https:\/\/www.radiomarket.fi\/en\/wp-json\/wp\/v2\/product"}],"about":[{"href":"https:\/\/www.radiomarket.fi\/en\/wp-json\/wp\/v2\/types\/product"}],"wp:featuredmedia":[{"embeddable":true,"href":"https:\/\/www.radiomarket.fi\/en\/wp-json\/wp\/v2\/media\/56712"}],"wp:attachment":[{"href":"https:\/\/www.radiomarket.fi\/en\/wp-json\/wp\/v2\/media?parent=56711"}],"curies":[{"name":"wp","href":"https:\/\/api.w.org\/{rel}","templated":true}]}}