{"id":56727,"date":"2026-03-28T17:29:27","date_gmt":"2026-03-28T15:29:27","guid":{"rendered":"https:\/\/www.radiomarket.fi\/?post_type=product&#038;p=56727"},"modified":"2026-03-29T17:16:53","modified_gmt":"2026-03-29T14:16:53","slug":"ekum1104-lentokonekello-swiss-made-valmistettu-4-39-brittikoneeseen-tulossa","status":"publish","type":"product","link":"https:\/\/www.radiomarket.fi\/en\/kohde\/ekum1104-lentokonekello-swiss-made-valmistettu-4-39-brittikoneeseen-tulossa\/","title":{"rendered":"EKUM1104 Lentokonekello luultavimmin Hawker Hurricane Mk. I  h\u00e4vitt\u00e4j\u00e4koneesta"},"content":{"rendered":"Yksi nuppi puuttuu, metallitaulussa ilmeisesti \u00f6ljyj\u00e4lki\u00e4 koska keskittyv\u00e4t akseleille, j\u00e4ljet luultavasti poistettavissa. Ruuvinkannoista p\u00e4\u00e4tellen luultavasti yritetty korjata. Ei avattu, ei toimi. Suomi-kello, eli mit\u00e4 luultavimmen Suomeen 1940 tulleista koneista koska taulun p\u00e4iv\u00e4ys 1939. On toki mahdollista, ett\u00e4 kello on my\u00f6s Bristol Blendheimist\u00e4. Netist\u00e4 ei pikaselailulla l\u00f6ytynyt vastaavaa Blendheimin ohjaamokuvaa t\u00e4ll\u00e4 kellolla. Samaa kellomallia asennettu my\u00f6hemmin mm. Spitfireen Smiths-merkkisen\u00e4.","protected":false},"excerpt":{"rendered":"<p>Suosittelemme t\u00e4lle kohteelle &#8220;s\u00e4rkyv\u00e4&#8221; lis\u00e4palvelua postitukseen, ilman sit\u00e4 emme vastaa toimituksessa fosforoinnin kest\u00e4misest\u00e4.<\/p>","protected":false},"featured_media":56735,"template":"","meta":[],"_links":{"self":[{"href":"https:\/\/www.radiomarket.fi\/en\/wp-json\/wp\/v2\/product\/56727"}],"collection":[{"href":"https:\/\/www.radiomarket.fi\/en\/wp-json\/wp\/v2\/product"}],"about":[{"href":"https:\/\/www.radiomarket.fi\/en\/wp-json\/wp\/v2\/types\/product"}],"wp:featuredmedia":[{"embeddable":true,"href":"https:\/\/www.radiomarket.fi\/en\/wp-json\/wp\/v2\/media\/56735"}],"wp:attachment":[{"href":"https:\/\/www.radiomarket.fi\/en\/wp-json\/wp\/v2\/media?parent=56727"}],"curies":[{"name":"wp","href":"https:\/\/api.w.org\/{rel}","templated":true}]}}