{"id":56741,"date":"2026-03-29T18:57:29","date_gmt":"2026-03-29T15:57:29","guid":{"rendered":"https:\/\/www.radiomarket.fi\/?post_type=product&#038;p=56741"},"modified":"2026-03-29T19:02:50","modified_gmt":"2026-03-29T16:02:50","slug":"ekum1106-helsingin-seudun-puhelinluettelo-1994-osa-2-yritykset-ja-yhteisot","status":"publish","type":"product","link":"https:\/\/www.radiomarket.fi\/en\/kohde\/ekum1106-helsingin-seudun-puhelinluettelo-1994-osa-2-yritykset-ja-yhteisot\/","title":{"rendered":"EKUM1106 Helsingin seudun puhelinluettelo 1994 osa 2 (yritykset ja yhteis\u00f6t)"},"content":{"rendered":"<p>Helsingin seudun puhelinluettelon kakkososa vuodelta 1994 A:sta \u00d6:h\u00f6n. Siistikuntoinen.","protected":false},"excerpt":{"rendered":"<p>Loppuunmyydyksi merkittyjen painotuotteiden yksitt\u00e4isist\u00e4 artikkeleista tai sivuista voi tilata kopioita tai skannauksia siin\u00e4 tapauksessa ett\u00e4 painotuote l\u00f6ytyy arkistostamme.<\/p>","protected":false},"featured_media":56743,"template":"","meta":[],"_links":{"self":[{"href":"https:\/\/www.radiomarket.fi\/en\/wp-json\/wp\/v2\/product\/56741"}],"collection":[{"href":"https:\/\/www.radiomarket.fi\/en\/wp-json\/wp\/v2\/product"}],"about":[{"href":"https:\/\/www.radiomarket.fi\/en\/wp-json\/wp\/v2\/types\/product"}],"wp:featuredmedia":[{"embeddable":true,"href":"https:\/\/www.radiomarket.fi\/en\/wp-json\/wp\/v2\/media\/56743"}],"wp:attachment":[{"href":"https:\/\/www.radiomarket.fi\/en\/wp-json\/wp\/v2\/media?parent=56741"}],"curies":[{"name":"wp","href":"https:\/\/api.w.org\/{rel}","templated":true}]}}