{"id":56789,"date":"2026-04-12T15:37:30","date_gmt":"2026-04-12T12:37:30","guid":{"rendered":"https:\/\/www.radiomarket.fi\/?post_type=product&#038;p=56789"},"modified":"2026-04-12T15:37:30","modified_gmt":"2026-04-12T12:37:30","slug":"ekub1020-antennitilttimoottori-satelliittityoskentelyyn","status":"publish","type":"product","link":"https:\/\/www.radiomarket.fi\/en\/kohde\/ekub1020-antennitilttimoottori-satelliittityoskentelyyn\/","title":{"rendered":"EKUB1020 antennitilttimoottori satelliittity\u00f6skentelyyn"},"content":{"rendered":"Kahteen suuntaan k\u00e4\u00e4nt\u00e4v\u00e4 antenniroottori. Ohjauslaite ym. puuttuu, vain varsinainen myynniss\u00e4. Ei testattu, siksip\u00e4 halpa hinta. Myyd\u00e4\u00e4n varaosiksi.","protected":false},"excerpt":{"rendered":"<p>Kahteen suuntaan k\u00e4\u00e4nt\u00e4v\u00e4 antenniroottori. Ohjauslaite ym. puuttuu, vain varsinainen myynniss\u00e4. Ei testattu, siksip\u00e4 halpa hinta. Myyd\u00e4\u00e4n varaosiksi.<\/p>","protected":false},"featured_media":56792,"template":"","meta":[],"_links":{"self":[{"href":"https:\/\/www.radiomarket.fi\/en\/wp-json\/wp\/v2\/product\/56789"}],"collection":[{"href":"https:\/\/www.radiomarket.fi\/en\/wp-json\/wp\/v2\/product"}],"about":[{"href":"https:\/\/www.radiomarket.fi\/en\/wp-json\/wp\/v2\/types\/product"}],"wp:featuredmedia":[{"embeddable":true,"href":"https:\/\/www.radiomarket.fi\/en\/wp-json\/wp\/v2\/media\/56792"}],"wp:attachment":[{"href":"https:\/\/www.radiomarket.fi\/en\/wp-json\/wp\/v2\/media?parent=56789"}],"curies":[{"name":"wp","href":"https:\/\/api.w.org\/{rel}","templated":true}]}}