{"id":56824,"date":"2026-04-12T19:43:04","date_gmt":"2026-04-12T16:43:04","guid":{"rendered":"https:\/\/www.radiomarket.fi\/?post_type=product&#038;p=56824"},"modified":"2026-04-12T19:52:17","modified_gmt":"2026-04-12T16:52:17","slug":"ekum1102-landis-gyr-rvp30-lammityssaadin-ohje","status":"publish","type":"product","link":"https:\/\/www.radiomarket.fi\/en\/kohde\/ekum1102-landis-gyr-rvp30-lammityssaadin-ohje\/","title":{"rendered":"EKUM1102 Landis &amp; Gyr RVP30 -l\u00e4mmityss\u00e4\u00e4din ohje"},"content":{"rendered":"<p>PDF-tiedosto sis\u00e4lt\u00e4\u00e4 s\u00e4hk\u00f6isess\u00e4 muodossa lyhyen suomenkielisen valmistajan k\u00e4ytt\u00f6ohjeen. Tiedosto on ladattavissa maksun j\u00e4lkeen 14 vuorokautta ja 5 kertaa. Tiedoston voi tallentaa itselleen latauksen j\u00e4lkeen.","protected":false},"excerpt":{"rendered":"<p>Ladattava tiedosto.<\/p>","protected":false},"featured_media":56825,"template":"","meta":[],"_links":{"self":[{"href":"https:\/\/www.radiomarket.fi\/en\/wp-json\/wp\/v2\/product\/56824"}],"collection":[{"href":"https:\/\/www.radiomarket.fi\/en\/wp-json\/wp\/v2\/product"}],"about":[{"href":"https:\/\/www.radiomarket.fi\/en\/wp-json\/wp\/v2\/types\/product"}],"wp:featuredmedia":[{"embeddable":true,"href":"https:\/\/www.radiomarket.fi\/en\/wp-json\/wp\/v2\/media\/56825"}],"wp:attachment":[{"href":"https:\/\/www.radiomarket.fi\/en\/wp-json\/wp\/v2\/media?parent=56824"}],"curies":[{"name":"wp","href":"https:\/\/api.w.org\/{rel}","templated":true}]}}