{"id":56870,"date":"2026-04-17T18:41:20","date_gmt":"2026-04-17T15:41:20","guid":{"rendered":"https:\/\/www.radiomarket.fi\/?post_type=product&#038;p=56870"},"modified":"2026-04-17T19:09:33","modified_gmt":"2026-04-17T16:09:33","slug":"ekum1116-helvar-stereo-minuetto-2000-kotelo-ym-kuoriosiakopio","status":"publish","type":"product","link":"https:\/\/www.radiomarket.fi\/en\/kohde\/ekum1116-helvar-stereo-minuetto-2000-kotelo-ym-kuoriosiakopio\/","title":{"rendered":"EKUM1116 Helvar Stereo Minuetto 2000 kotelo ym. kuoriosia"},"content":{"rendered":"Myyd\u00e4\u00e4n osina, hinta kokonaisuudelta kuvissa n\u00e4kyvine osineen.","protected":false},"excerpt":{"rendered":"<p>Myyd\u00e4\u00e4n osina, hinta kokonaisuudelta kuvissa n\u00e4kyvine osineen.<\/p>","protected":false},"featured_media":56872,"template":"","meta":[],"_links":{"self":[{"href":"https:\/\/www.radiomarket.fi\/en\/wp-json\/wp\/v2\/product\/56870"}],"collection":[{"href":"https:\/\/www.radiomarket.fi\/en\/wp-json\/wp\/v2\/product"}],"about":[{"href":"https:\/\/www.radiomarket.fi\/en\/wp-json\/wp\/v2\/types\/product"}],"wp:featuredmedia":[{"embeddable":true,"href":"https:\/\/www.radiomarket.fi\/en\/wp-json\/wp\/v2\/media\/56872"}],"wp:attachment":[{"href":"https:\/\/www.radiomarket.fi\/en\/wp-json\/wp\/v2\/media?parent=56870"}],"curies":[{"name":"wp","href":"https:\/\/api.w.org\/{rel}","templated":true}]}}