{"id":56884,"date":"2026-04-18T08:21:11","date_gmt":"2026-04-18T05:21:11","guid":{"rendered":"https:\/\/www.radiomarket.fi\/?post_type=product&#038;p=56884"},"modified":"2026-04-18T08:32:44","modified_gmt":"2026-04-18T05:32:44","slug":"ekum1113-radiokuuntelijan-kirja-1946","status":"publish","type":"product","link":"https:\/\/www.radiomarket.fi\/en\/kohde\/ekum1113-radiokuuntelijan-kirja-1946\/","title":{"rendered":"EKUM1113 Radiokuuntelijan kirja 1946"},"content":{"rendered":"Pehmytkantinen Radiokuuntelijan kirja, julkaistu heti sodan j\u00e4lkeen. Ensimm\u00e4iselle tilaajalle kansipapereineen, j\u00e4lkimm\u00e4iselle ilman. Suomen Yleisradion n\u00e4k\u00f6kulma tuolloiseen maailmaan.","protected":false},"excerpt":{"rendered":"<p>Kirjetoimitusluokan tuotteita samaan tilaukseen yhdistett\u00e4ess\u00e4 kukin lis\u00e4tuote nostaa perustoimituskulua vain kymmenell\u00e4 sentill\u00e4 (\u20ac0.10) 2\/2026 postin hinnoittelun mukaan.<\/p>","protected":false},"featured_media":56886,"template":"","meta":[],"_links":{"self":[{"href":"https:\/\/www.radiomarket.fi\/en\/wp-json\/wp\/v2\/product\/56884"}],"collection":[{"href":"https:\/\/www.radiomarket.fi\/en\/wp-json\/wp\/v2\/product"}],"about":[{"href":"https:\/\/www.radiomarket.fi\/en\/wp-json\/wp\/v2\/types\/product"}],"wp:featuredmedia":[{"embeddable":true,"href":"https:\/\/www.radiomarket.fi\/en\/wp-json\/wp\/v2\/media\/56886"}],"wp:attachment":[{"href":"https:\/\/www.radiomarket.fi\/en\/wp-json\/wp\/v2\/media?parent=56884"}],"curies":[{"name":"wp","href":"https:\/\/api.w.org\/{rel}","templated":true}]}}