{"id":56918,"date":"2026-04-29T17:09:32","date_gmt":"2026-04-29T14:09:32","guid":{"rendered":"https:\/\/www.radiomarket.fi\/?post_type=product&#038;p=56918"},"modified":"2026-04-29T17:15:24","modified_gmt":"2026-04-29T14:15:24","slug":"ekum1124-philips-474a-putkiradio","status":"publish","type":"product","link":"https:\/\/www.radiomarket.fi\/en\/kohde\/ekum1124-philips-474a-putkiradio\/","title":{"rendered":"EKUM1124 Philips 474A putkiradio"},"content":{"rendered":"N\u00e4ytt\u00e4\u00e4 t\u00e4ydelliselt\u00e4, asteikon teksteist\u00e4 osa kulunut pois. Harvinaisempi suomalainen radio.","protected":false},"excerpt":{"rendered":"<p>N\u00e4ytt\u00e4\u00e4 t\u00e4ydelliselt\u00e4, asteikon teksteist\u00e4 osa kulunut pois. Harvinaisempi suomalainen radio.<\/p>","protected":false},"featured_media":56923,"template":"","meta":[],"_links":{"self":[{"href":"https:\/\/www.radiomarket.fi\/en\/wp-json\/wp\/v2\/product\/56918"}],"collection":[{"href":"https:\/\/www.radiomarket.fi\/en\/wp-json\/wp\/v2\/product"}],"about":[{"href":"https:\/\/www.radiomarket.fi\/en\/wp-json\/wp\/v2\/types\/product"}],"wp:featuredmedia":[{"embeddable":true,"href":"https:\/\/www.radiomarket.fi\/en\/wp-json\/wp\/v2\/media\/56923"}],"wp:attachment":[{"href":"https:\/\/www.radiomarket.fi\/en\/wp-json\/wp\/v2\/media?parent=56918"}],"curies":[{"name":"wp","href":"https:\/\/api.w.org\/{rel}","templated":true}]}}